{"id":2,"date":"2025-06-04T14:51:36","date_gmt":"2025-06-04T14:51:36","guid":{"rendered":"https:\/\/event.gla-united.com\/?page_id=2"},"modified":"2025-06-12T08:34:29","modified_gmt":"2025-06-12T08:34:29","slug":"sample-page","status":"publish","type":"page","link":"https:\/\/event.gla-united.com\/","title":{"rendered":"GLA United Golf Trophy"},"content":{"rendered":"<p>[et_pb_section fb_built=&#8220;1&#8243; _builder_version=&#8220;4.16&#8243; min_height=&#8220;631px&#8220; global_colors_info=&#8220;{}&#8220;][et_pb_row _builder_version=&#8220;4.16&#8243; background_size=&#8220;initial&#8220; background_position=&#8220;top_left&#8220; background_repeat=&#8220;repeat&#8220; global_colors_info=&#8220;{}&#8220;][et_pb_column type=&#8220;4_4&#8243; _builder_version=&#8220;4.16&#8243; custom_padding=&#8220;|||&#8220; global_colors_info=&#8220;{}&#8220; custom_padding__hover=&#8220;|||&#8220;][et_pb_text _builder_version=&#8220;4.27.4&#8243; header_2_font=&#8220;Saira||||||||&#8220; header_2_text_align=&#8220;center&#8220; header_2_text_color=&#8220;#44585e&#8220; header_2_font_size=&#8220;28px&#8220; header_2_line_height=&#8220;1.1em&#8220; background_size=&#8220;initial&#8220; background_position=&#8220;top_left&#8220; background_repeat=&#8220;repeat&#8220; hover_enabled=&#8220;0&#8243; global_colors_info=&#8220;{}&#8220; disabled_on=&#8220;on|on|off&#8220; sticky_enabled=&#8220;0&#8243;]<\/p>\n<h2 style=\"text-align: center;\"><span>Sch\u00f6n bist an der GLA United Golf Trophy 2025 mit von der Partie!<\/span><\/h2>\n<p><!-- \/divi:paragraph --><\/p>\n<p>[\/et_pb_text][et_pb_text _builder_version=&#8220;4.27.4&#8243; header_2_font=&#8220;Saira||||||||&#8220; header_2_text_align=&#8220;center&#8220; header_2_text_color=&#8220;#44585e&#8220; header_2_font_size=&#8220;28px&#8220; header_2_line_height=&#8220;1.1em&#8220; background_size=&#8220;initial&#8220; background_position=&#8220;top_left&#8220; background_repeat=&#8220;repeat&#8220; hover_enabled=&#8220;0&#8243; global_colors_info=&#8220;{}&#8220; disabled_on=&#8220;off|off|on&#8220; sticky_enabled=&#8220;0&#8243; custom_margin=&#8220;-69px|||||&#8220;]<\/p>\n<h2 style=\"text-align: center;\"><span>Sch\u00f6n bist an der GLA United Golf Trophy 2025 mit von der Partie!<\/span><\/h2>\n<p><!-- \/divi:paragraph --><\/p>\n<p>[\/et_pb_text][\/et_pb_column][\/et_pb_row][et_pb_row _builder_version=&#8220;4.27.4&#8243; _module_preset=&#8220;default&#8220; global_colors_info=&#8220;{}&#8220;][et_pb_column type=&#8220;4_4&#8243; _builder_version=&#8220;4.27.4&#8243; _module_preset=&#8220;default&#8220; global_colors_info=&#8220;{}&#8220;][et_pb_text _builder_version=&#8220;4.27.4&#8243; _module_preset=&#8220;default&#8220; header_3_font=&#8220;Saira|300|||||||&#8220; header_3_text_align=&#8220;center&#8220; header_3_text_color=&#8220;#44585e&#8220; header_3_line_height=&#8220;1.2em&#8220; hover_enabled=&#8220;0&#8243; global_colors_info=&#8220;{}&#8220; sticky_enabled=&#8220;0&#8243; disabled_on=&#8220;off|off|on&#8220;]<\/p>\n<h3><span>Wenn du an unserer Verlosung teilnehmen m\u00f6chtest, dann f\u00fclle bitte folgendes Formular aus.<\/span><\/h3>\n<h3><span>Die Gewinnerin \/ der Gewinner wird beim heutigen Abendessen kommuniziert.<\/span><\/h3>\n<p>[\/et_pb_text][et_pb_text _builder_version=&#8220;4.27.4&#8243; _module_preset=&#8220;default&#8220; header_3_font=&#8220;Saira|300|||||||&#8220; header_3_text_align=&#8220;center&#8220; header_3_text_color=&#8220;#44585e&#8220; header_3_line_height=&#8220;1.2em&#8220; hover_enabled=&#8220;0&#8243; global_colors_info=&#8220;{}&#8220; sticky_enabled=&#8220;0&#8243; disabled_on=&#8220;on|on|off&#8220; width=&#8220;69%&#8220; module_alignment=&#8220;center&#8220;]<\/p>\n<h3><span>Wenn du an unserer Verlosung teilnehmen m\u00f6chtest, dann f\u00fclle bitte folgendes Formular aus. <\/span><span>Die Gewinnerin \/ der Gewinner wird beim heutigen Abendessen kommuniziert.<\/span><\/h3>\n<p>[\/et_pb_text][\/et_pb_column][\/et_pb_row][et_pb_row _builder_version=&#8220;4.27.4&#8243; _module_preset=&#8220;default&#8220; global_colors_info=&#8220;{}&#8220;][et_pb_column type=&#8220;4_4&#8243; _builder_version=&#8220;4.27.4&#8243; _module_preset=&#8220;default&#8220; global_colors_info=&#8220;{}&#8220;][et_pb_code _builder_version=&#8220;4.27.4&#8243; _module_preset=&#8220;default&#8220; global_colors_info=&#8220;{}&#8220;]\n<div class=\"wpcf7 no-js\" id=\"wpcf7-f23-o1\" lang=\"de-DE\" dir=\"ltr\" data-wpcf7-id=\"23\">\n<div class=\"screen-reader-response\"><p role=\"status\" aria-live=\"polite\" aria-atomic=\"true\"><\/p> <ul><\/ul><\/div>\n<form action=\"\/index.php?rest_route=%2Fwp%2Fv2%2Fpages%2F2#wpcf7-f23-o1\" method=\"post\" class=\"wpcf7-form init\" aria-label=\"Kontaktformular\" novalidate=\"novalidate\" data-status=\"init\">\n<div style=\"display: none;\">\n<input type=\"hidden\" name=\"_wpcf7\" value=\"23\" \/>\n<input type=\"hidden\" name=\"_wpcf7_version\" value=\"6.0.6\" \/>\n<input type=\"hidden\" name=\"_wpcf7_locale\" value=\"de_DE\" \/>\n<input type=\"hidden\" name=\"_wpcf7_unit_tag\" value=\"wpcf7-f23-o1\" \/>\n<input type=\"hidden\" name=\"_wpcf7_container_post\" value=\"0\" \/>\n<input type=\"hidden\" name=\"_wpcf7_posted_data_hash\" value=\"\" \/>\n<\/div>\n<style>\n .center-form {\n display: flex;\n justify-content: center;\n align-items: center;\n }\n\n .form-container {\n display: flex;\n flex-direction: column;\n gap: 0.5rem; \n }\n\n label {\n display: flex;\n flex-direction: column;\n }\n\n .radio-group {\n display: flex;\n gap: 1rem;\n align-items: center;\n margin-left: -15px;\n }\n\n .radio-group label {\n display: inline;\n align-items: center;\n gap: 0.5rem;\n font-weight: normal;\n margin: 0;\n }\n\n .checkbox-group {\n display: flex;\n align-items: center; \/* vertical center *\/\n gap: 0.5rem;\n font-weight: normal;\npadding-bottom: 20px;\nmargin-left: -15px;\nmargin-top: -15px;\n }\n\n .checkbox-group label {\n display: flex;\n align-items: center;\n gap: 0.5rem;\n margin: 0;\n cursor: pointer;\n }\n\n input[type=\"radio\"], input[type=\"checkbox\"] {\n accent-color: #DBE878;\n transform: scale(1.2);\n cursor: pointer;\n }\n\n input[type=\"submit\"] {\n background-color: #DBE878;\n color: #48585D;\n border: none;\n padding: 0.7rem 1.5rem;\n border-radius: 9999px; \/* Round *\/\n font-size: 0.8rem;\n cursor: pointer;\n }\n\n input[type=\"submit\"]:hover {\n background-color: #48585D;\n color: white;\n }\n<\/style>\n<div class=\"center-form\">\n\t<div class=\"form-container\">\n\t\t<div class=\"radio-group\">\n\t\t\t<p><span class=\"wpcf7-form-control-wrap\" data-name=\"Anrede\"><span class=\"wpcf7-form-control wpcf7-radio\"><span class=\"wpcf7-list-item first\"><label><input type=\"radio\" name=\"Anrede\" value=\"Frau\" \/><span class=\"wpcf7-list-item-label\">Frau<\/span><\/label><\/span><span class=\"wpcf7-list-item last\"><label><input type=\"radio\" name=\"Anrede\" value=\"Herr\" \/><span class=\"wpcf7-list-item-label\">Herr<\/span><\/label><\/span><\/span><\/span>\n\t\t\t<\/p>\n\t\t<\/div>\n\t\t<p><label>Vorname*<br \/>\n<span class=\"wpcf7-form-control-wrap\" data-name=\"your-firstname\"><input size=\"40\" maxlength=\"400\" class=\"wpcf7-form-control wpcf7-text wpcf7-validates-as-required\" autocomplete=\"name\" aria-required=\"true\" aria-invalid=\"false\" value=\"\" type=\"text\" name=\"your-firstname\" \/><\/span><br \/>\n<\/label>\n\t\t<\/p>\n\t\t<p><label>Nachname*<br \/>\n<span class=\"wpcf7-form-control-wrap\" data-name=\"your-lastname\"><input size=\"40\" maxlength=\"400\" class=\"wpcf7-form-control wpcf7-text wpcf7-validates-as-required\" autocomplete=\"name\" aria-required=\"true\" aria-invalid=\"false\" value=\"\" type=\"text\" name=\"your-lastname\" \/><\/span><br \/>\n<\/label>\n\t\t<\/p>\n\t\t<p><label>E-Mail*<br \/>\n<span class=\"wpcf7-form-control-wrap\" data-name=\"your-email\"><input size=\"40\" maxlength=\"400\" class=\"wpcf7-form-control wpcf7-email wpcf7-validates-as-required wpcf7-text wpcf7-validates-as-email\" autocomplete=\"email\" aria-required=\"true\" aria-invalid=\"false\" value=\"\" type=\"email\" name=\"your-email\" \/><\/span><br \/>\n<\/label>\n\t\t<\/p>\n\t\t<div class=\"checkbox-group\">\n\t\t\t<p><span class=\"wpcf7-form-control-wrap\" data-name=\"data-consent\"><span class=\"wpcf7-form-control wpcf7-checkbox wpcf7-validates-as-required\"><span class=\"wpcf7-list-item first last\"><input type=\"checkbox\" name=\"data-consent[]\" value=\"Ich akzeptiere die Datenschutzerkl\u00e4rung.*\" \/><span class=\"wpcf7-list-item-label\">Ich akzeptiere die Datenschutzerkl\u00e4rung.*<\/span><\/span><\/span><\/span><br \/>\n<span class=\"wpcf7-form-control-wrap\" data-name=\"newsletter-consent\"><span class=\"wpcf7-form-control wpcf7-checkbox\"><span class=\"wpcf7-list-item first last\"><input type=\"checkbox\" name=\"newsletter-consent[]\" value=\"Ich m\u00f6chte den Newsletter erhalten.\" \/><span class=\"wpcf7-list-item-label\">Ich m\u00f6chte den Newsletter erhalten.<\/span><\/span><\/span><\/span>\n\t\t\t<\/p>\n\t\t<\/div>\n\t\t<p><input class=\"wpcf7-form-control wpcf7-submit has-spinner\" type=\"submit\" value=\"SENDEN\" \/>\n\t\t<\/p>\n\t<\/div>\n<\/div><div class=\"wpcf7-response-output\" aria-hidden=\"true\"><\/div>\n<\/form>\n<\/div>\n[\/et_pb_code][\/et_pb_column][\/et_pb_row][\/et_pb_section]<\/p>\n","protected":false},"excerpt":{"rendered":"<p>Sch\u00f6n bist an der GLA United Golf Trophy 2025 mit von der Partie! Sch\u00f6n bist an der GLA United Golf Trophy 2025 mit von der Partie! Wenn du an unserer Verlosung teilnehmen m\u00f6chtest, dann f\u00fclle bitte folgendes Formular aus. Die Gewinnerin \/ der Gewinner wird beim heutigen Abendessen kommuniziert.Wenn du an unserer Verlosung teilnehmen m\u00f6chtest, [&hellip;]<\/p>\n","protected":false},"author":1,"featured_media":0,"parent":0,"menu_order":0,"comment_status":"closed","ping_status":"closed","template":"","meta":{"_et_pb_use_builder":"on","_et_pb_old_content":"<!-- wp:paragraph -->\n<p>This is an example page. It's different from a blog post because it will stay in one place and will show up in your site navigation (in most themes). Most people start with an About page that introduces them to potential site visitors. It might say something like this:<\/p>\n<!-- \/wp:paragraph -->\n\n<!-- wp:quote -->\n<blockquote class=\"wp-block-quote\"><p>Hi there! I'm a bike messenger by day, aspiring actor by night, and this is my website. I live in Los Angeles, have a great dog named Jack, and I like pi&#241;a coladas. (And gettin' caught in the rain.)<\/p><\/blockquote>\n<!-- \/wp:quote -->\n\n<!-- wp:paragraph -->\n<p>...or something like this:<\/p>\n<!-- \/wp:paragraph -->\n\n<!-- wp:quote -->\n<blockquote class=\"wp-block-quote\"><p>The XYZ Doohickey Company was founded in 1971, and has been providing quality doohickeys to the public ever since. Located in Gotham City, XYZ employs over 2,000 people and does all kinds of awesome things for the Gotham community.<\/p><\/blockquote>\n<!-- \/wp:quote -->\n\n<!-- wp:paragraph -->\n<p>As a new WordPress user, you should go to <a href=\"https:\/\/event.gla-united.com\/wp-admin\/\">your dashboard<\/a> to delete this page and create new pages for your content. Have fun!<\/p>\n<!-- \/wp:paragraph -->","_et_gb_content_width":"1080","footnotes":""},"class_list":["post-2","page","type-page","status-publish","hentry"],"_links":{"self":[{"href":"https:\/\/event.gla-united.com\/index.php?rest_route=\/wp\/v2\/pages\/2","targetHints":{"allow":["GET"]}}],"collection":[{"href":"https:\/\/event.gla-united.com\/index.php?rest_route=\/wp\/v2\/pages"}],"about":[{"href":"https:\/\/event.gla-united.com\/index.php?rest_route=\/wp\/v2\/types\/page"}],"author":[{"embeddable":true,"href":"https:\/\/event.gla-united.com\/index.php?rest_route=\/wp\/v2\/users\/1"}],"replies":[{"embeddable":true,"href":"https:\/\/event.gla-united.com\/index.php?rest_route=%2Fwp%2Fv2%2Fcomments&post=2"}],"version-history":[{"count":9,"href":"https:\/\/event.gla-united.com\/index.php?rest_route=\/wp\/v2\/pages\/2\/revisions"}],"predecessor-version":[{"id":63,"href":"https:\/\/event.gla-united.com\/index.php?rest_route=\/wp\/v2\/pages\/2\/revisions\/63"}],"wp:attachment":[{"href":"https:\/\/event.gla-united.com\/index.php?rest_route=%2Fwp%2Fv2%2Fmedia&parent=2"}],"curies":[{"name":"wp","href":"https:\/\/api.w.org\/{rel}","templated":true}]}}